{"id":3038,"date":"2021-08-17T09:25:25","date_gmt":"2021-08-17T07:25:25","guid":{"rendered":"https:\/\/www.alviasana.com\/therapies\/sauerstoff-therapie\/"},"modified":"2022-03-30T14:27:29","modified_gmt":"2022-03-30T12:27:29","slug":"therapie-par-loxygene","status":"publish","type":"page","link":"https:\/\/www.alviasana.com\/fr\/therapies\/therapie-par-loxygene\/","title":{"rendered":"Th\u00e9rapie par l&rsquo;oxyg\u00e8ne"},"content":{"rendered":"\t\t<div data-elementor-type=\"wp-page\" data-elementor-id=\"3038\" class=\"elementor elementor-3038 elementor-874\" data-elementor-post-type=\"page\">\n\t\t\t\t\t\t<section class=\"elementor-section elementor-top-section elementor-element elementor-element-2c0855f elementor-section-height-min-height elementor-section-full_width elementor-section-items-stretch elementor-section-height-default\" data-id=\"2c0855f\" data-element_type=\"section\" data-settings=\"{&quot;background_background&quot;:&quot;classic&quot;}\">\n\t\t\t\t\t\t<div class=\"elementor-container elementor-column-gap-no\">\n\t\t\t\t\t<div class=\"elementor-column elementor-col-100 elementor-top-column elementor-element elementor-element-e5ed4bf\" data-id=\"e5ed4bf\" data-element_type=\"column\" data-settings=\"{&quot;background_background&quot;:&quot;classic&quot;}\">\n\t\t\t<div class=\"elementor-widget-wrap elementor-element-populated\">\n\t\t\t\t\t\t<div class=\"elementor-element elementor-element-6c84b94 elementor-widget elementor-widget-spacer\" data-id=\"6c84b94\" data-element_type=\"widget\" data-widget_type=\"spacer.default\">\n\t\t\t\t<div class=\"elementor-widget-container\">\n\t\t\t\t\t\t\t<div class=\"elementor-spacer\">\n\t\t\t<div class=\"elementor-spacer-inner\"><\/div>\n\t\t<\/div>\n\t\t\t\t\t\t<\/div>\n\t\t\t\t<\/div>\n\t\t\t\t\t<\/div>\n\t\t<\/div>\n\t\t\t\t\t<\/div>\n\t\t<\/section>\n\t\t\t\t<section class=\"elementor-section elementor-top-section elementor-element elementor-element-cb8d940 elementor-section-content-middle elementor-section-boxed elementor-section-height-default elementor-section-height-default\" data-id=\"cb8d940\" data-element_type=\"section\" data-settings=\"{&quot;background_background&quot;:&quot;classic&quot;,&quot;motion_fx_motion_fx_scrolling&quot;:&quot;yes&quot;,&quot;motion_fx_translateY_effect&quot;:&quot;yes&quot;,&quot;motion_fx_translateY_speed&quot;:{&quot;unit&quot;:&quot;px&quot;,&quot;size&quot;:&quot;0.5&quot;,&quot;sizes&quot;:[]},&quot;motion_fx_translateY_affectedRange&quot;:{&quot;unit&quot;:&quot;%&quot;,&quot;size&quot;:&quot;&quot;,&quot;sizes&quot;:{&quot;start&quot;:0,&quot;end&quot;:100}},&quot;motion_fx_devices&quot;:[&quot;desktop&quot;,&quot;tablet&quot;,&quot;mobile&quot;]}\">\n\t\t\t\t\t\t<div class=\"elementor-container elementor-column-gap-no\">\n\t\t\t\t\t<div class=\"elementor-column elementor-col-100 elementor-top-column elementor-element elementor-element-aaf2f58\" data-id=\"aaf2f58\" data-element_type=\"column\" data-settings=\"{&quot;background_background&quot;:&quot;classic&quot;}\">\n\t\t\t<div class=\"elementor-widget-wrap elementor-element-populated\">\n\t\t\t\t\t\t<div class=\"elementor-element elementor-element-21f0968 elementor-widget elementor-widget-heading\" data-id=\"21f0968\" data-element_type=\"widget\" data-widget_type=\"heading.default\">\n\t\t\t\t<div class=\"elementor-widget-container\">\n\t\t\t\t\t<h1 class=\"elementor-heading-title elementor-size-default\">Oxyg\u00e9noth\u00e9rapie<\/h1>\t\t\t\t<\/div>\n\t\t\t\t<\/div>\n\t\t\t\t<div class=\"elementor-element elementor-element-2ee9b94 elementor-widget-divider--view-line elementor-widget elementor-widget-divider\" data-id=\"2ee9b94\" data-element_type=\"widget\" data-widget_type=\"divider.default\">\n\t\t\t\t<div class=\"elementor-widget-container\">\n\t\t\t\t\t\t\t<div class=\"elementor-divider\">\n\t\t\t<span class=\"elementor-divider-separator\">\n\t\t\t\t\t\t<\/span>\n\t\t<\/div>\n\t\t\t\t\t\t<\/div>\n\t\t\t\t<\/div>\n\t\t\t\t<div class=\"elementor-element elementor-element-bdebf5c elementor-widget elementor-widget-text-editor\" data-id=\"bdebf5c\" data-element_type=\"widget\" data-widget_type=\"text-editor.default\">\n\t\t\t\t<div class=\"elementor-widget-container\">\n\t\t\t\t\t\t\t\t\t<p>L&rsquo;apport compl\u00e9mentaire d&rsquo;oxyg\u00e8ne est utile pour toutes les maladies qui entra\u00eenent un manque d&rsquo;oxyg\u00e8ne.<\/p>\t\t\t\t\t\t\t\t<\/div>\n\t\t\t\t<\/div>\n\t\t\t\t\t<\/div>\n\t\t<\/div>\n\t\t\t\t\t<\/div>\n\t\t<\/section>\n\t\t\t\t<section class=\"elementor-section elementor-top-section elementor-element elementor-element-309e88f elementor-section-full_width elementor-section-content-middle elementor-section-height-default elementor-section-height-default\" data-id=\"309e88f\" data-element_type=\"section\">\n\t\t\t\t\t\t<div class=\"elementor-container elementor-column-gap-no\">\n\t\t\t\t\t<div class=\"elementor-column elementor-col-100 elementor-top-column elementor-element elementor-element-ea7ff86\" data-id=\"ea7ff86\" data-element_type=\"column\">\n\t\t\t<div class=\"elementor-widget-wrap elementor-element-populated\">\n\t\t\t\t\t\t<div class=\"elementor-element elementor-element-daf22a0 elementor-widget__width-initial elementor-widget-tablet__width-initial elementor-widget-mobile__width-initial elementor-absolute elementor-widget elementor-widget-spacer\" data-id=\"daf22a0\" data-element_type=\"widget\" data-settings=\"{&quot;_position&quot;:&quot;absolute&quot;,&quot;motion_fx_motion_fx_scrolling&quot;:&quot;yes&quot;,&quot;motion_fx_translateY_effect&quot;:&quot;yes&quot;,&quot;motion_fx_translateY_direction&quot;:&quot;negative&quot;,&quot;motion_fx_translateY_speed&quot;:{&quot;unit&quot;:&quot;px&quot;,&quot;size&quot;:&quot;1&quot;,&quot;sizes&quot;:[]},&quot;motion_fx_devices&quot;:[&quot;desktop&quot;,&quot;tablet&quot;],&quot;motion_fx_translateY_affectedRange&quot;:{&quot;unit&quot;:&quot;%&quot;,&quot;size&quot;:&quot;&quot;,&quot;sizes&quot;:{&quot;start&quot;:0,&quot;end&quot;:100}}}\" data-widget_type=\"spacer.default\">\n\t\t\t\t<div class=\"elementor-widget-container\">\n\t\t\t\t\t\t\t<div class=\"elementor-spacer\">\n\t\t\t<div class=\"elementor-spacer-inner\"><\/div>\n\t\t<\/div>\n\t\t\t\t\t\t<\/div>\n\t\t\t\t<\/div>\n\t\t\t\t<section class=\"elementor-section elementor-inner-section elementor-element elementor-element-a79dcb2 elementor-section-content-middle elementor-section-height-min-height elementor-section-boxed elementor-section-height-default\" data-id=\"a79dcb2\" data-element_type=\"section\">\n\t\t\t\t\t\t<div class=\"elementor-container elementor-column-gap-no\">\n\t\t\t\t\t<div class=\"elementor-column elementor-col-50 elementor-inner-column elementor-element elementor-element-65247c3 elementor-invisible\" data-id=\"65247c3\" data-element_type=\"column\" data-settings=\"{&quot;background_background&quot;:&quot;classic&quot;,&quot;background_motion_fx_motion_fx_scrolling&quot;:&quot;yes&quot;,&quot;background_motion_fx_translateY_effect&quot;:&quot;yes&quot;,&quot;background_motion_fx_translateY_speed&quot;:{&quot;unit&quot;:&quot;px&quot;,&quot;size&quot;:&quot;1&quot;,&quot;sizes&quot;:[]},&quot;animation&quot;:&quot;slideInLeft&quot;,&quot;background_motion_fx_translateY_affectedRange&quot;:{&quot;unit&quot;:&quot;%&quot;,&quot;size&quot;:&quot;&quot;,&quot;sizes&quot;:{&quot;start&quot;:0,&quot;end&quot;:100}},&quot;background_motion_fx_devices&quot;:[&quot;desktop&quot;,&quot;tablet&quot;,&quot;mobile&quot;]}\">\n\t\t\t<div class=\"elementor-widget-wrap elementor-element-populated\">\n\t\t\t\t\t\t<div class=\"elementor-element elementor-element-10002da elementor-widget elementor-widget-spacer\" data-id=\"10002da\" data-element_type=\"widget\" data-widget_type=\"spacer.default\">\n\t\t\t\t<div class=\"elementor-widget-container\">\n\t\t\t\t\t\t\t<div class=\"elementor-spacer\">\n\t\t\t<div class=\"elementor-spacer-inner\"><\/div>\n\t\t<\/div>\n\t\t\t\t\t\t<\/div>\n\t\t\t\t<\/div>\n\t\t\t\t\t<\/div>\n\t\t<\/div>\n\t\t\t\t<div class=\"elementor-column elementor-col-50 elementor-inner-column elementor-element elementor-element-6bc3363\" data-id=\"6bc3363\" data-element_type=\"column\">\n\t\t\t<div class=\"elementor-widget-wrap elementor-element-populated\">\n\t\t\t\t\t\t<div class=\"elementor-element elementor-element-321a3e9 elementor-widget elementor-widget-heading\" data-id=\"321a3e9\" data-element_type=\"widget\" data-widget_type=\"heading.default\">\n\t\t\t\t<div class=\"elementor-widget-container\">\n\t\t\t\t\t<h3 class=\"elementor-heading-title elementor-size-default\">Effet de la th\u00e9rapie<\/h3>\t\t\t\t<\/div>\n\t\t\t\t<\/div>\n\t\t\t\t<div class=\"elementor-element elementor-element-beea854 elementor-widget elementor-widget-text-editor\" data-id=\"beea854\" data-element_type=\"widget\" data-widget_type=\"text-editor.default\">\n\t\t\t\t<div class=\"elementor-widget-container\">\n\t\t\t\t\t\t\t\t\t<p>L&rsquo;oxyg\u00e9noth\u00e9rapie fournit de l&rsquo;oxyg\u00e8ne (O2) au sang. Le corps a besoin de grandes quantit\u00e9s d&rsquo;oxyg\u00e8ne pour produire de l&rsquo;\u00e9nergie. Il est absorb\u00e9 de l&rsquo;air dans le sang \u00e0 chaque respiration et apport\u00e9 \u00e0 chaque cellule du corps. Par cons\u00e9quent, une interruption de la respiration et de la circulation sanguine a tr\u00e8s rapidement un effet fatal sur les tissus.<\/p>\t\t\t\t\t\t\t\t<\/div>\n\t\t\t\t<\/div>\n\t\t\t\t\t<\/div>\n\t\t<\/div>\n\t\t\t\t\t<\/div>\n\t\t<\/section>\n\t\t\t\t\t<\/div>\n\t\t<\/div>\n\t\t\t\t\t<\/div>\n\t\t<\/section>\n\t\t\t\t<section class=\"elementor-section elementor-top-section elementor-element elementor-element-3bf1393 elementor-section-full_width elementor-section-height-default elementor-section-height-default\" data-id=\"3bf1393\" data-element_type=\"section\" data-settings=\"{&quot;background_background&quot;:&quot;classic&quot;}\">\n\t\t\t\t\t\t<div class=\"elementor-container elementor-column-gap-no\">\n\t\t\t\t\t<div class=\"elementor-column elementor-col-66 elementor-top-column elementor-element elementor-element-d64a814\" data-id=\"d64a814\" data-element_type=\"column\">\n\t\t\t<div class=\"elementor-widget-wrap elementor-element-populated\">\n\t\t\t\t\t\t<div class=\"elementor-element elementor-element-c9ae396 elementor-widget elementor-widget-heading\" data-id=\"c9ae396\" data-element_type=\"widget\" data-settings=\"{&quot;_animation_mobile&quot;:&quot;none&quot;}\" data-widget_type=\"heading.default\">\n\t\t\t\t<div class=\"elementor-widget-container\">\n\t\t\t\t\t<h3 class=\"elementor-heading-title elementor-size-default\">Quand l'oxyg\u00e9noth\u00e9rapie est-elle utile?<\/h3>\t\t\t\t<\/div>\n\t\t\t\t<\/div>\n\t\t\t\t<div class=\"elementor-element elementor-element-9d899b0 elementor-widget elementor-widget-text-editor\" data-id=\"9d899b0\" data-element_type=\"widget\" data-settings=\"{&quot;_animation_mobile&quot;:&quot;none&quot;}\" data-widget_type=\"text-editor.default\">\n\t\t\t\t<div class=\"elementor-widget-container\">\n\t\t\t\t\t\t\t\t\t<p><span class=\"font-size-12 m-font-size-8\">Dans toutes les maladies qui entra\u00eenent un manque d&rsquo;oxyg\u00e8ne, il est conseill\u00e9 de pr\u00e9voir un apport suppl\u00e9mentaire en oxyg\u00e8ne. <\/span><\/p><p><span class=\"font-size-12 m-font-size-8\">Il s&rsquo;agit notamment de : l&rsquo;am\u00e9lioration des performances, le traitement adjuntif de la maladie de Lyme et des co-infections, les troubles de la m\u00e9moire, les maladies respiratoires, la broncho-pneumopathie obstructive (BPCO), l&rsquo;asthme bronchique, l&#8217;emphys\u00e8me, les l\u00e9sions pulmonaires dans la mucoviscidose (fibrose kystique), l&rsquo;acc\u00e9l\u00e9ration de la cicatrisation des plaies, Maladies cardiovasculaires, pression art\u00e9rielle \u00e9lev\u00e9e\/faible, hypertension pulmonaire, insuffisance cardiaque chronique grave, cor pulmonaire, arythmies cardiaques, d\u00e9ficience immunitaire, mauvaise condition physique, cancer du poumon, traitement anticanc\u00e9reux concomitant \u00e0 la chimioth\u00e9rapie et \u00e0 la radioth\u00e9rapie, maladies nerveuses telles que : Maladie de Parkinson, scl\u00e9rose en plaques, maladies neuromusculaires, syndrome d&rsquo;apn\u00e9e du sommeil, migraine, complexe de sympt\u00f4mes rhumatismaux, arthrite rhumato\u00efde, troubles m\u00e9taboliques, r\u00e9tinopathie diab\u00e9tique.<\/span><\/p>\t\t\t\t\t\t\t\t<\/div>\n\t\t\t\t<\/div>\n\t\t\t\t\t<\/div>\n\t\t<\/div>\n\t\t\t\t<div class=\"elementor-column elementor-col-33 elementor-top-column elementor-element elementor-element-a3ffcca\" data-id=\"a3ffcca\" data-element_type=\"column\" data-settings=\"{&quot;background_background&quot;:&quot;classic&quot;}\">\n\t\t\t<div class=\"elementor-widget-wrap elementor-element-populated\">\n\t\t\t\t\t\t<div class=\"elementor-element elementor-element-61992ef elementor-widget elementor-widget-spacer\" data-id=\"61992ef\" data-element_type=\"widget\" data-widget_type=\"spacer.default\">\n\t\t\t\t<div class=\"elementor-widget-container\">\n\t\t\t\t\t\t\t<div class=\"elementor-spacer\">\n\t\t\t<div class=\"elementor-spacer-inner\"><\/div>\n\t\t<\/div>\n\t\t\t\t\t\t<\/div>\n\t\t\t\t<\/div>\n\t\t\t\t\t<\/div>\n\t\t<\/div>\n\t\t\t\t\t<\/div>\n\t\t<\/section>\n\t\t\t\t<\/div>\n\t\t","protected":false},"excerpt":{"rendered":"<p>Oxyg\u00e9noth\u00e9rapie L&rsquo;apport compl\u00e9mentaire d&rsquo;oxyg\u00e8ne est utile pour toutes les maladies qui entra\u00eenent un manque d&rsquo;oxyg\u00e8ne. Effet de la th\u00e9rapie L&rsquo;oxyg\u00e9noth\u00e9rapie fournit de l&rsquo;oxyg\u00e8ne (O2) au sang. Le corps a besoin de grandes quantit\u00e9s d&rsquo;oxyg\u00e8ne pour produire de l&rsquo;\u00e9nergie. Il est absorb\u00e9 de l&rsquo;air dans le sang \u00e0 chaque respiration et apport\u00e9 \u00e0 chaque cellule du [&hellip;]<\/p>\n","protected":false},"author":2,"featured_media":0,"parent":3015,"menu_order":0,"comment_status":"closed","ping_status":"closed","template":"","meta":{"_acf_changed":false,"footnotes":""},"class_list":["post-3038","page","type-page","status-publish","hentry"],"acf":[],"yoast_head":"<!-- This site is optimized with the Yoast SEO plugin v26.2 - https:\/\/yoast.com\/wordpress\/plugins\/seo\/ -->\n<title>Th\u00e9rapie par l&#039;oxyg\u00e8ne - Alviasana<\/title>\n<meta name=\"description\" content=\"Oxyg\u00e9noth\u00e9rapie L&#039;apport compl\u00e9mentaire d&#039;oxyg\u00e8ne est utile pour toutes les maladies qui entra\u00eenent un manque d&#039;oxyg\u00e8ne. Effet de la th\u00e9rapie\" \/>\n<meta name=\"robots\" content=\"index, follow, max-snippet:-1, max-image-preview:large, max-video-preview:-1\" \/>\n<link rel=\"canonical\" href=\"https:\/\/www.alviasana.com\/fr\/therapies\/therapie-par-loxygene\/\" \/>\n<meta property=\"og:locale\" content=\"fr_FR\" \/>\n<meta property=\"og:type\" content=\"article\" \/>\n<meta property=\"og:title\" content=\"Th\u00e9rapie par l&#039;oxyg\u00e8ne - Alviasana\" \/>\n<meta property=\"og:description\" content=\"Oxyg\u00e9noth\u00e9rapie L&#039;apport compl\u00e9mentaire d&#039;oxyg\u00e8ne est utile pour toutes les maladies qui entra\u00eenent un manque d&#039;oxyg\u00e8ne. Effet de la th\u00e9rapie\" \/>\n<meta property=\"og:url\" content=\"https:\/\/www.alviasana.com\/fr\/therapies\/therapie-par-loxygene\/\" \/>\n<meta property=\"og:site_name\" content=\"Alviasana\" \/>\n<meta property=\"article:modified_time\" content=\"2022-03-30T12:27:29+00:00\" \/>\n<meta name=\"twitter:card\" content=\"summary_large_image\" \/>\n<meta name=\"twitter:label1\" content=\"Dur\u00e9e de lecture estim\u00e9e\" \/>\n\t<meta name=\"twitter:data1\" content=\"1 minute\" \/>\n<script type=\"application\/ld+json\" class=\"yoast-schema-graph\">{\"@context\":\"https:\/\/schema.org\",\"@graph\":[{\"@type\":\"WebPage\",\"@id\":\"https:\/\/www.alviasana.com\/fr\/therapies\/therapie-par-loxygene\/\",\"url\":\"https:\/\/www.alviasana.com\/fr\/therapies\/therapie-par-loxygene\/\",\"name\":\"Th\u00e9rapie par l'oxyg\u00e8ne - Alviasana\",\"isPartOf\":{\"@id\":\"https:\/\/www.alviasana.com\/#website\"},\"datePublished\":\"2021-08-17T07:25:25+00:00\",\"dateModified\":\"2022-03-30T12:27:29+00:00\",\"description\":\"Oxyg\u00e9noth\u00e9rapie L'apport compl\u00e9mentaire d'oxyg\u00e8ne est utile pour toutes les maladies qui entra\u00eenent un manque d'oxyg\u00e8ne. Effet de la th\u00e9rapie\",\"breadcrumb\":{\"@id\":\"https:\/\/www.alviasana.com\/fr\/therapies\/therapie-par-loxygene\/#breadcrumb\"},\"inLanguage\":\"fr-FR\",\"potentialAction\":[{\"@type\":\"ReadAction\",\"target\":[\"https:\/\/www.alviasana.com\/fr\/therapies\/therapie-par-loxygene\/\"]}]},{\"@type\":\"BreadcrumbList\",\"@id\":\"https:\/\/www.alviasana.com\/fr\/therapies\/therapie-par-loxygene\/#breadcrumb\",\"itemListElement\":[{\"@type\":\"ListItem\",\"position\":1,\"name\":\"Startseite\",\"item\":\"https:\/\/www.alviasana.com\/fr\/\"},{\"@type\":\"ListItem\",\"position\":2,\"name\":\"Th\u00e9rapies\",\"item\":\"https:\/\/www.alviasana.com\/fr\/therapies\/\"},{\"@type\":\"ListItem\",\"position\":3,\"name\":\"Th\u00e9rapie par l&rsquo;oxyg\u00e8ne\"}]},{\"@type\":\"WebSite\",\"@id\":\"https:\/\/www.alviasana.com\/#website\",\"url\":\"https:\/\/www.alviasana.com\/\",\"name\":\"Alviasana\",\"description\":\"Privatpraxis f\u00fcr Lyme-Borreliose und chronische Infektionen\",\"publisher\":{\"@id\":\"https:\/\/www.alviasana.com\/#organization\"},\"potentialAction\":[{\"@type\":\"SearchAction\",\"target\":{\"@type\":\"EntryPoint\",\"urlTemplate\":\"https:\/\/www.alviasana.com\/?s={search_term_string}\"},\"query-input\":{\"@type\":\"PropertyValueSpecification\",\"valueRequired\":true,\"valueName\":\"search_term_string\"}}],\"inLanguage\":\"fr-FR\"},{\"@type\":\"Organization\",\"@id\":\"https:\/\/www.alviasana.com\/#organization\",\"name\":\"Alviasana\",\"url\":\"https:\/\/www.alviasana.com\/\",\"logo\":{\"@type\":\"ImageObject\",\"inLanguage\":\"fr-FR\",\"@id\":\"https:\/\/www.alviasana.com\/#\/schema\/logo\/image\/\",\"url\":\"https:\/\/www.alviasana.com\/wp-content\/uploads\/2021\/07\/Alvia_Logo_RGB.svg\",\"contentUrl\":\"https:\/\/www.alviasana.com\/wp-content\/uploads\/2021\/07\/Alvia_Logo_RGB.svg\",\"width\":1,\"height\":1,\"caption\":\"Alviasana\"},\"image\":{\"@id\":\"https:\/\/www.alviasana.com\/#\/schema\/logo\/image\/\"}}]}<\/script>\n<!-- \/ Yoast SEO plugin. -->","yoast_head_json":{"title":"Th\u00e9rapie par l'oxyg\u00e8ne - Alviasana","description":"Oxyg\u00e9noth\u00e9rapie L'apport compl\u00e9mentaire d'oxyg\u00e8ne est utile pour toutes les maladies qui entra\u00eenent un manque d'oxyg\u00e8ne. Effet de la th\u00e9rapie","robots":{"index":"index","follow":"follow","max-snippet":"max-snippet:-1","max-image-preview":"max-image-preview:large","max-video-preview":"max-video-preview:-1"},"canonical":"https:\/\/www.alviasana.com\/fr\/therapies\/therapie-par-loxygene\/","og_locale":"fr_FR","og_type":"article","og_title":"Th\u00e9rapie par l'oxyg\u00e8ne - Alviasana","og_description":"Oxyg\u00e9noth\u00e9rapie L'apport compl\u00e9mentaire d'oxyg\u00e8ne est utile pour toutes les maladies qui entra\u00eenent un manque d'oxyg\u00e8ne. Effet de la th\u00e9rapie","og_url":"https:\/\/www.alviasana.com\/fr\/therapies\/therapie-par-loxygene\/","og_site_name":"Alviasana","article_modified_time":"2022-03-30T12:27:29+00:00","twitter_card":"summary_large_image","twitter_misc":{"Dur\u00e9e de lecture estim\u00e9e":"1 minute"},"schema":{"@context":"https:\/\/schema.org","@graph":[{"@type":"WebPage","@id":"https:\/\/www.alviasana.com\/fr\/therapies\/therapie-par-loxygene\/","url":"https:\/\/www.alviasana.com\/fr\/therapies\/therapie-par-loxygene\/","name":"Th\u00e9rapie par l'oxyg\u00e8ne - Alviasana","isPartOf":{"@id":"https:\/\/www.alviasana.com\/#website"},"datePublished":"2021-08-17T07:25:25+00:00","dateModified":"2022-03-30T12:27:29+00:00","description":"Oxyg\u00e9noth\u00e9rapie L'apport compl\u00e9mentaire d'oxyg\u00e8ne est utile pour toutes les maladies qui entra\u00eenent un manque d'oxyg\u00e8ne. Effet de la th\u00e9rapie","breadcrumb":{"@id":"https:\/\/www.alviasana.com\/fr\/therapies\/therapie-par-loxygene\/#breadcrumb"},"inLanguage":"fr-FR","potentialAction":[{"@type":"ReadAction","target":["https:\/\/www.alviasana.com\/fr\/therapies\/therapie-par-loxygene\/"]}]},{"@type":"BreadcrumbList","@id":"https:\/\/www.alviasana.com\/fr\/therapies\/therapie-par-loxygene\/#breadcrumb","itemListElement":[{"@type":"ListItem","position":1,"name":"Startseite","item":"https:\/\/www.alviasana.com\/fr\/"},{"@type":"ListItem","position":2,"name":"Th\u00e9rapies","item":"https:\/\/www.alviasana.com\/fr\/therapies\/"},{"@type":"ListItem","position":3,"name":"Th\u00e9rapie par l&rsquo;oxyg\u00e8ne"}]},{"@type":"WebSite","@id":"https:\/\/www.alviasana.com\/#website","url":"https:\/\/www.alviasana.com\/","name":"Alviasana","description":"Privatpraxis f\u00fcr Lyme-Borreliose und chronische Infektionen","publisher":{"@id":"https:\/\/www.alviasana.com\/#organization"},"potentialAction":[{"@type":"SearchAction","target":{"@type":"EntryPoint","urlTemplate":"https:\/\/www.alviasana.com\/?s={search_term_string}"},"query-input":{"@type":"PropertyValueSpecification","valueRequired":true,"valueName":"search_term_string"}}],"inLanguage":"fr-FR"},{"@type":"Organization","@id":"https:\/\/www.alviasana.com\/#organization","name":"Alviasana","url":"https:\/\/www.alviasana.com\/","logo":{"@type":"ImageObject","inLanguage":"fr-FR","@id":"https:\/\/www.alviasana.com\/#\/schema\/logo\/image\/","url":"https:\/\/www.alviasana.com\/wp-content\/uploads\/2021\/07\/Alvia_Logo_RGB.svg","contentUrl":"https:\/\/www.alviasana.com\/wp-content\/uploads\/2021\/07\/Alvia_Logo_RGB.svg","width":1,"height":1,"caption":"Alviasana"},"image":{"@id":"https:\/\/www.alviasana.com\/#\/schema\/logo\/image\/"}}]}},"_links":{"self":[{"href":"https:\/\/www.alviasana.com\/fr\/wp-json\/wp\/v2\/pages\/3038","targetHints":{"allow":["GET"]}}],"collection":[{"href":"https:\/\/www.alviasana.com\/fr\/wp-json\/wp\/v2\/pages"}],"about":[{"href":"https:\/\/www.alviasana.com\/fr\/wp-json\/wp\/v2\/types\/page"}],"author":[{"embeddable":true,"href":"https:\/\/www.alviasana.com\/fr\/wp-json\/wp\/v2\/users\/2"}],"replies":[{"embeddable":true,"href":"https:\/\/www.alviasana.com\/fr\/wp-json\/wp\/v2\/comments?post=3038"}],"version-history":[{"count":4,"href":"https:\/\/www.alviasana.com\/fr\/wp-json\/wp\/v2\/pages\/3038\/revisions"}],"predecessor-version":[{"id":3547,"href":"https:\/\/www.alviasana.com\/fr\/wp-json\/wp\/v2\/pages\/3038\/revisions\/3547"}],"up":[{"embeddable":true,"href":"https:\/\/www.alviasana.com\/fr\/wp-json\/wp\/v2\/pages\/3015"}],"wp:attachment":[{"href":"https:\/\/www.alviasana.com\/fr\/wp-json\/wp\/v2\/media?parent=3038"}],"curies":[{"name":"wp","href":"https:\/\/api.w.org\/{rel}","templated":true}]}}