{"id":3005,"date":"2021-07-26T14:25:16","date_gmt":"2021-07-26T12:25:16","guid":{"rendered":"https:\/\/www.alviasana.com\/impressum\/"},"modified":"2022-03-21T12:48:16","modified_gmt":"2022-03-21T11:48:16","slug":"impressum","status":"publish","type":"page","link":"https:\/\/www.alviasana.com\/fr\/impressum\/","title":{"rendered":"Impressum"},"content":{"rendered":"\t\t<div data-elementor-type=\"wp-page\" data-elementor-id=\"3005\" class=\"elementor elementor-3005 elementor-160\" data-elementor-post-type=\"page\">\n\t\t\t\t\t\t<section class=\"elementor-section elementor-top-section elementor-element elementor-element-195ab70 elementor-section-content-middle elementor-section-full_width elementor-section-height-default elementor-section-height-default\" data-id=\"195ab70\" data-element_type=\"section\" data-settings=\"{&quot;background_background&quot;:&quot;classic&quot;,&quot;motion_fx_motion_fx_scrolling&quot;:&quot;yes&quot;,&quot;motion_fx_translateY_effect&quot;:&quot;yes&quot;,&quot;motion_fx_translateY_speed&quot;:{&quot;unit&quot;:&quot;px&quot;,&quot;size&quot;:&quot;0.5&quot;,&quot;sizes&quot;:[]},&quot;motion_fx_translateY_affectedRange&quot;:{&quot;unit&quot;:&quot;%&quot;,&quot;size&quot;:&quot;&quot;,&quot;sizes&quot;:{&quot;start&quot;:0,&quot;end&quot;:100}},&quot;motion_fx_devices&quot;:[&quot;desktop&quot;,&quot;tablet&quot;,&quot;mobile&quot;]}\">\n\t\t\t\t\t\t<div class=\"elementor-container elementor-column-gap-no\">\n\t\t\t\t\t<div class=\"elementor-column elementor-col-100 elementor-top-column elementor-element elementor-element-7d61ce0\" data-id=\"7d61ce0\" data-element_type=\"column\" data-settings=\"{&quot;background_background&quot;:&quot;classic&quot;}\">\n\t\t\t<div class=\"elementor-widget-wrap elementor-element-populated\">\n\t\t\t\t\t\t<div class=\"elementor-element elementor-element-78c6bfc elementor-widget elementor-widget-heading\" data-id=\"78c6bfc\" data-element_type=\"widget\" data-widget_type=\"heading.default\">\n\t\t\t\t<div class=\"elementor-widget-container\">\n\t\t\t\t\t<h1 class=\"elementor-heading-title elementor-size-default\">Impressum<\/h1>\t\t\t\t<\/div>\n\t\t\t\t<\/div>\n\t\t\t\t<div class=\"elementor-element elementor-element-746980e elementor-widget elementor-widget-text-editor\" data-id=\"746980e\" data-element_type=\"widget\" data-widget_type=\"text-editor.default\">\n\t\t\t\t<div class=\"elementor-widget-container\">\n\t\t\t\t\t\t\t\t\t<p id=\"1099921799\" class=\"u_1099921799 dmNewParagraph\" data-inject=\"impressum-paragraphTitle1\" data-element-type=\"paragraph\" data-uialign=\"center\"><strong><span class=\"font-size-30 lh-1\">Responsable:<br \/><\/span><\/strong>Sigrid Blehle, MD, MBA<\/p><div data-inject=\"impressum-paragraphText1\" data-uialign=\"center\" data-dmtmpl=\"true\">\u00a0<\/div><div class=\"u_1242833016 dmNewParagraph\" data-inject=\"impressum-paragraphText1\" data-uialign=\"center\" data-dmtmpl=\"true\"><strong><span class=\"font-size-30 lh-1\">Contact:<\/span><\/strong><\/div><div class=\"u_1242833016 dmNewParagraph\" data-inject=\"impressum-paragraphText1\" data-uialign=\"center\" data-dmtmpl=\"true\">info@alviasana.com<br \/>T\u00e9l. n. +49 (0)821 244 056 00<\/div><div data-inject=\"impressum-paragraphText2\" data-uialign=\"center\" data-dmtmpl=\"true\">\u00a0<\/div><div class=\"u_1239912859 dmNewParagraph\" data-inject=\"impressum-paragraphText2\" data-uialign=\"center\" data-dmtmpl=\"true\"><strong><span class=\"font-size-30 lh-1\">Autorit\u00e9 de surveillance:<\/span><\/strong><\/div><div id=\"1925120454\" class=\"u_1925120454 dmNewParagraph\" data-inject=\"impressum-paragraphText6\" data-uialign=\"center\" data-dmtmpl=\"true\"><div>Landes\u00e4rztekammer Bayern<\/div><div>M\u00fchlbaurstr. 16<\/div><div>D-81677 M\u00fcnchen<\/div><div>\u00a0<\/div><\/div><div>Icons von <a href=\"https:\/\/www.flaticon.com\/\" target=\"_blank\" rel=\"noopener\">flaticon.com<\/a><\/div>\t\t\t\t\t\t\t\t<\/div>\n\t\t\t\t<\/div>\n\t\t\t\t\t<\/div>\n\t\t<\/div>\n\t\t\t\t\t<\/div>\n\t\t<\/section>\n\t\t\t\t<\/div>\n\t\t","protected":false},"excerpt":{"rendered":"<p>Impressum Responsable:Sigrid Blehle, MD, MBA \u00a0Contact:info@alviasana.comT\u00e9l. n. +49 (0)821 244 056 00\u00a0Autorit\u00e9 de surveillance:Landes\u00e4rztekammer BayernM\u00fchlbaurstr. 16D-81677 M\u00fcnchen\u00a0Icons von flaticon.com<\/p>\n","protected":false},"author":2,"featured_media":0,"parent":0,"menu_order":0,"comment_status":"closed","ping_status":"closed","template":"","meta":{"_acf_changed":false,"footnotes":""},"class_list":["post-3005","page","type-page","status-publish","hentry"],"acf":[],"yoast_head":"<!-- This site is optimized with the Yoast SEO plugin v26.2 - https:\/\/yoast.com\/wordpress\/plugins\/seo\/ -->\n<title>Impressum - Alviasana<\/title>\n<meta name=\"description\" content=\"Das Impressum von Alviasana zeigt Ihnen alle wichtigen &amp; relevanten Daten auf einem Blick. Ihr Alviasana Team\" \/>\n<meta name=\"robots\" content=\"index, follow, max-snippet:-1, max-image-preview:large, max-video-preview:-1\" \/>\n<link rel=\"canonical\" href=\"https:\/\/www.alviasana.com\/fr\/impressum\/\" \/>\n<meta property=\"og:locale\" content=\"fr_FR\" \/>\n<meta property=\"og:type\" content=\"article\" \/>\n<meta property=\"og:title\" content=\"Impressum - Alviasana\" \/>\n<meta property=\"og:description\" content=\"Das Impressum von Alviasana zeigt Ihnen alle wichtigen &amp; relevanten Daten auf einem Blick. Ihr Alviasana Team\" \/>\n<meta property=\"og:url\" content=\"https:\/\/www.alviasana.com\/fr\/impressum\/\" \/>\n<meta property=\"og:site_name\" content=\"Alviasana\" \/>\n<meta property=\"article:modified_time\" content=\"2022-03-21T11:48:16+00:00\" \/>\n<meta name=\"twitter:card\" content=\"summary_large_image\" \/>\n<meta name=\"twitter:label1\" content=\"Dur\u00e9e de lecture estim\u00e9e\" \/>\n\t<meta name=\"twitter:data1\" content=\"1 minute\" \/>\n<script type=\"application\/ld+json\" class=\"yoast-schema-graph\">{\"@context\":\"https:\/\/schema.org\",\"@graph\":[{\"@type\":\"WebPage\",\"@id\":\"https:\/\/www.alviasana.com\/fr\/impressum\/\",\"url\":\"https:\/\/www.alviasana.com\/fr\/impressum\/\",\"name\":\"Impressum - Alviasana\",\"isPartOf\":{\"@id\":\"https:\/\/www.alviasana.com\/#website\"},\"datePublished\":\"2021-07-26T12:25:16+00:00\",\"dateModified\":\"2022-03-21T11:48:16+00:00\",\"description\":\"Das Impressum von Alviasana zeigt Ihnen alle wichtigen & relevanten Daten auf einem Blick. Ihr Alviasana Team\",\"breadcrumb\":{\"@id\":\"https:\/\/www.alviasana.com\/fr\/impressum\/#breadcrumb\"},\"inLanguage\":\"fr-FR\",\"potentialAction\":[{\"@type\":\"ReadAction\",\"target\":[\"https:\/\/www.alviasana.com\/fr\/impressum\/\"]}]},{\"@type\":\"BreadcrumbList\",\"@id\":\"https:\/\/www.alviasana.com\/fr\/impressum\/#breadcrumb\",\"itemListElement\":[{\"@type\":\"ListItem\",\"position\":1,\"name\":\"Startseite\",\"item\":\"https:\/\/www.alviasana.com\/fr\/\"},{\"@type\":\"ListItem\",\"position\":2,\"name\":\"Impressum\"}]},{\"@type\":\"WebSite\",\"@id\":\"https:\/\/www.alviasana.com\/#website\",\"url\":\"https:\/\/www.alviasana.com\/\",\"name\":\"Alviasana\",\"description\":\"Privatpraxis f\u00fcr Lyme-Borreliose und chronische Infektionen\",\"publisher\":{\"@id\":\"https:\/\/www.alviasana.com\/#organization\"},\"potentialAction\":[{\"@type\":\"SearchAction\",\"target\":{\"@type\":\"EntryPoint\",\"urlTemplate\":\"https:\/\/www.alviasana.com\/?s={search_term_string}\"},\"query-input\":{\"@type\":\"PropertyValueSpecification\",\"valueRequired\":true,\"valueName\":\"search_term_string\"}}],\"inLanguage\":\"fr-FR\"},{\"@type\":\"Organization\",\"@id\":\"https:\/\/www.alviasana.com\/#organization\",\"name\":\"Alviasana\",\"url\":\"https:\/\/www.alviasana.com\/\",\"logo\":{\"@type\":\"ImageObject\",\"inLanguage\":\"fr-FR\",\"@id\":\"https:\/\/www.alviasana.com\/#\/schema\/logo\/image\/\",\"url\":\"https:\/\/www.alviasana.com\/wp-content\/uploads\/2021\/07\/Alvia_Logo_RGB.svg\",\"contentUrl\":\"https:\/\/www.alviasana.com\/wp-content\/uploads\/2021\/07\/Alvia_Logo_RGB.svg\",\"width\":1,\"height\":1,\"caption\":\"Alviasana\"},\"image\":{\"@id\":\"https:\/\/www.alviasana.com\/#\/schema\/logo\/image\/\"}}]}<\/script>\n<!-- \/ Yoast SEO plugin. -->","yoast_head_json":{"title":"Impressum - Alviasana","description":"Das Impressum von Alviasana zeigt Ihnen alle wichtigen & relevanten Daten auf einem Blick. Ihr Alviasana Team","robots":{"index":"index","follow":"follow","max-snippet":"max-snippet:-1","max-image-preview":"max-image-preview:large","max-video-preview":"max-video-preview:-1"},"canonical":"https:\/\/www.alviasana.com\/fr\/impressum\/","og_locale":"fr_FR","og_type":"article","og_title":"Impressum - Alviasana","og_description":"Das Impressum von Alviasana zeigt Ihnen alle wichtigen & relevanten Daten auf einem Blick. Ihr Alviasana Team","og_url":"https:\/\/www.alviasana.com\/fr\/impressum\/","og_site_name":"Alviasana","article_modified_time":"2022-03-21T11:48:16+00:00","twitter_card":"summary_large_image","twitter_misc":{"Dur\u00e9e de lecture estim\u00e9e":"1 minute"},"schema":{"@context":"https:\/\/schema.org","@graph":[{"@type":"WebPage","@id":"https:\/\/www.alviasana.com\/fr\/impressum\/","url":"https:\/\/www.alviasana.com\/fr\/impressum\/","name":"Impressum - Alviasana","isPartOf":{"@id":"https:\/\/www.alviasana.com\/#website"},"datePublished":"2021-07-26T12:25:16+00:00","dateModified":"2022-03-21T11:48:16+00:00","description":"Das Impressum von Alviasana zeigt Ihnen alle wichtigen & relevanten Daten auf einem Blick. Ihr Alviasana Team","breadcrumb":{"@id":"https:\/\/www.alviasana.com\/fr\/impressum\/#breadcrumb"},"inLanguage":"fr-FR","potentialAction":[{"@type":"ReadAction","target":["https:\/\/www.alviasana.com\/fr\/impressum\/"]}]},{"@type":"BreadcrumbList","@id":"https:\/\/www.alviasana.com\/fr\/impressum\/#breadcrumb","itemListElement":[{"@type":"ListItem","position":1,"name":"Startseite","item":"https:\/\/www.alviasana.com\/fr\/"},{"@type":"ListItem","position":2,"name":"Impressum"}]},{"@type":"WebSite","@id":"https:\/\/www.alviasana.com\/#website","url":"https:\/\/www.alviasana.com\/","name":"Alviasana","description":"Privatpraxis f\u00fcr Lyme-Borreliose und chronische Infektionen","publisher":{"@id":"https:\/\/www.alviasana.com\/#organization"},"potentialAction":[{"@type":"SearchAction","target":{"@type":"EntryPoint","urlTemplate":"https:\/\/www.alviasana.com\/?s={search_term_string}"},"query-input":{"@type":"PropertyValueSpecification","valueRequired":true,"valueName":"search_term_string"}}],"inLanguage":"fr-FR"},{"@type":"Organization","@id":"https:\/\/www.alviasana.com\/#organization","name":"Alviasana","url":"https:\/\/www.alviasana.com\/","logo":{"@type":"ImageObject","inLanguage":"fr-FR","@id":"https:\/\/www.alviasana.com\/#\/schema\/logo\/image\/","url":"https:\/\/www.alviasana.com\/wp-content\/uploads\/2021\/07\/Alvia_Logo_RGB.svg","contentUrl":"https:\/\/www.alviasana.com\/wp-content\/uploads\/2021\/07\/Alvia_Logo_RGB.svg","width":1,"height":1,"caption":"Alviasana"},"image":{"@id":"https:\/\/www.alviasana.com\/#\/schema\/logo\/image\/"}}]}},"_links":{"self":[{"href":"https:\/\/www.alviasana.com\/fr\/wp-json\/wp\/v2\/pages\/3005","targetHints":{"allow":["GET"]}}],"collection":[{"href":"https:\/\/www.alviasana.com\/fr\/wp-json\/wp\/v2\/pages"}],"about":[{"href":"https:\/\/www.alviasana.com\/fr\/wp-json\/wp\/v2\/types\/page"}],"author":[{"embeddable":true,"href":"https:\/\/www.alviasana.com\/fr\/wp-json\/wp\/v2\/users\/2"}],"replies":[{"embeddable":true,"href":"https:\/\/www.alviasana.com\/fr\/wp-json\/wp\/v2\/comments?post=3005"}],"version-history":[{"count":3,"href":"https:\/\/www.alviasana.com\/fr\/wp-json\/wp\/v2\/pages\/3005\/revisions"}],"predecessor-version":[{"id":3322,"href":"https:\/\/www.alviasana.com\/fr\/wp-json\/wp\/v2\/pages\/3005\/revisions\/3322"}],"wp:attachment":[{"href":"https:\/\/www.alviasana.com\/fr\/wp-json\/wp\/v2\/media?parent=3005"}],"curies":[{"name":"wp","href":"https:\/\/api.w.org\/{rel}","templated":true}]}}