{"id":2997,"date":"2021-07-22T09:50:45","date_gmt":"2021-07-22T07:50:45","guid":{"rendered":"https:\/\/www.alviasana.com\/datenschutzerklaerung\/"},"modified":"2022-03-21T12:46:02","modified_gmt":"2022-03-21T11:46:02","slug":"declaration-de-confidentialite","status":"publish","type":"page","link":"https:\/\/www.alviasana.com\/fr\/declaration-de-confidentialite\/","title":{"rendered":"D\u00e9claration de confidentialit\u00e9"},"content":{"rendered":"\t\t<div data-elementor-type=\"wp-page\" data-elementor-id=\"2997\" class=\"elementor elementor-2997 elementor-3\" data-elementor-post-type=\"page\">\n\t\t\t\t\t\t<section class=\"elementor-section elementor-top-section elementor-element elementor-element-8b16a9b elementor-section-content-middle elementor-section-boxed elementor-section-height-default elementor-section-height-default\" data-id=\"8b16a9b\" data-element_type=\"section\" data-settings=\"{&quot;background_background&quot;:&quot;classic&quot;,&quot;motion_fx_motion_fx_scrolling&quot;:&quot;yes&quot;,&quot;motion_fx_translateY_effect&quot;:&quot;yes&quot;,&quot;motion_fx_translateY_speed&quot;:{&quot;unit&quot;:&quot;px&quot;,&quot;size&quot;:&quot;0.5&quot;,&quot;sizes&quot;:[]},&quot;motion_fx_translateY_affectedRange&quot;:{&quot;unit&quot;:&quot;%&quot;,&quot;size&quot;:&quot;&quot;,&quot;sizes&quot;:{&quot;start&quot;:0,&quot;end&quot;:100}},&quot;motion_fx_devices&quot;:[&quot;desktop&quot;,&quot;tablet&quot;,&quot;mobile&quot;]}\">\n\t\t\t\t\t\t<div class=\"elementor-container elementor-column-gap-no\">\n\t\t\t\t\t<div class=\"elementor-column elementor-col-100 elementor-top-column elementor-element elementor-element-da14556\" data-id=\"da14556\" data-element_type=\"column\" data-settings=\"{&quot;background_background&quot;:&quot;classic&quot;}\">\n\t\t\t<div class=\"elementor-widget-wrap elementor-element-populated\">\n\t\t\t\t\t\t<div class=\"elementor-element elementor-element-ae0c0ff elementor-widget elementor-widget-heading\" data-id=\"ae0c0ff\" data-element_type=\"widget\" data-widget_type=\"heading.default\">\n\t\t\t\t<div class=\"elementor-widget-container\">\n\t\t\t\t\t<h1 class=\"elementor-heading-title elementor-size-default\">Confidentialit\u00e9<\/h1>\t\t\t\t<\/div>\n\t\t\t\t<\/div>\n\t\t\t\t<div class=\"elementor-element elementor-element-d0e11b4 elementor-widget elementor-widget-text-editor\" data-id=\"d0e11b4\" data-element_type=\"widget\" data-widget_type=\"text-editor.default\">\n\t\t\t\t<div class=\"elementor-widget-container\">\n\t\t\t\t\t\t\t\t\t<div><strong>Remarque g\u00e9n\u00e9rale et informations obligatoires<\/strong><\/div><div>\u00a0<\/div><div><strong>D\u00e9signation de l&rsquo;organisme responsable<\/strong><\/div><div>Le responsable du traitement des donn\u00e9es sur ce site est:<\/div><div>Alviasana &#8211; S. Blehle Privatpraxis f\u00fcr zecken\u00fcbertragene Erkrankungen, Nagahama Allee. 75, 86153 Augsburg<\/div><div>Le responsable d\u00e9cide, seul ou conjointement avec d&rsquo;autres, des finalit\u00e9s et des moyens du traitement des donn\u00e9es \u00e0 caract\u00e8re personnel (p. ex. noms, coordonn\u00e9es ou autres).<\/div><div>\u00a0<\/div><div><strong>R\u00e9vocation de votre consentement au traitement des donn\u00e9es<\/strong><\/div><div>Certaines op\u00e9rations de traitement des donn\u00e9es ne sont possibles qu&rsquo;avec votre consentement explicite.Il est possible de r\u00e9voquer \u00e0 tout moment le consentement que vous avez d\u00e9j\u00e0 donn\u00e9. Pour la r\u00e9vocation, il suffit d&rsquo;envoyer un message informel par e-mail. La l\u00e9galit\u00e9 du traitement des donn\u00e9es effectu\u00e9 jusqu&rsquo;\u00e0 la r\u00e9vocation n&rsquo;est pas affect\u00e9e par la r\u00e9vocation.<\/div><div>\u00a0<\/div><div><strong>Droit de recours aupr\u00e8s de l&rsquo;autorit\u00e9 de surveillance comp\u00e9tente<\/strong><\/div><div><p>En tant que personne concern\u00e9e, vous disposez d&rsquo;un droit de recours aupr\u00e8s de l&rsquo;autorit\u00e9 de surveillance comp\u00e9tente en cas d&rsquo;infraction au droit de la protection des donn\u00e9es. L&rsquo;autorit\u00e9 de surveillance comp\u00e9tente pour les questions relatives \u00e0 la protection des donn\u00e9es est le d\u00e9l\u00e9gu\u00e9 \u00e0 la protection des donn\u00e9es du pays dans lequel se trouve le si\u00e8ge de notre entreprise. Le lien suivant fournit une liste des d\u00e9l\u00e9gu\u00e9s \u00e0 la protection des donn\u00e9es ainsi que leurs coordonn\u00e9es: <a href=\"https:\/\/www.bfdi.bund.de\/DE\/Infothek\/Anschriften_Links\/anschriften_links-node.html\" target=\"_blank\" rel=\"noopener\">https:\/\/www.bfdi.bund.de\/DE\/Infothek\/Anschriften_Links\/anschriften_links-node.html<\/a>.<\/p><\/div><div>\u00a0<\/div><div><strong>Droit \u00e0 la portabilit\u00e9 des donn\u00e9es<\/strong><\/div><div><p>Vous avez le droit de vous faire remettre ou de faire remettre \u00e0 un tiers les donn\u00e9es que nous traitons de mani\u00e8re automatis\u00e9e sur la base de votre consentement ou en ex\u00e9cution d&rsquo;un contrat. La mise \u00e0 disposition se fait sous un format lisible par machine. Si vous demandez la transmission directe des donn\u00e9es \u00e0 un autre responsable, cela ne se fera que dans la mesure o\u00f9 cela est techniquement possible.<\/p><\/div><div>\u00a0<\/div><div><strong>Droit d&rsquo;acc\u00e8s, de rectification, de blocage, de suppression<\/strong><\/div><div>Dans le cadre des dispositions l\u00e9gales en vigueur, vous avez \u00e0 tout moment le droit d&rsquo;obtenir gratuitement des informations sur vos donn\u00e9es personnelles enregistr\u00e9es, l&rsquo;origine des donn\u00e9es, leurs destinataires et la finalit\u00e9 du traitement des donn\u00e9es et, le cas \u00e9ch\u00e9ant, un droit de rectification, de blocage ou de suppression de ces donn\u00e9es. A ce sujet et pour toute autre question relative aux donn\u00e9es personnelles <\/div>\t\t\t\t\t\t\t\t<\/div>\n\t\t\t\t<\/div>\n\t\t\t\t\t<\/div>\n\t\t<\/div>\n\t\t\t\t\t<\/div>\n\t\t<\/section>\n\t\t\t\t<\/div>\n\t\t","protected":false},"excerpt":{"rendered":"<p>Confidentialit\u00e9 Remarque g\u00e9n\u00e9rale et informations obligatoires\u00a0D\u00e9signation de l&rsquo;organisme responsableLe responsable du traitement des donn\u00e9es sur ce site est:Alviasana &#8211; S. Blehle Privatpraxis f\u00fcr zecken\u00fcbertragene Erkrankungen, Nagahama Allee. 75, 86153 AugsburgLe responsable d\u00e9cide, seul ou conjointement avec d&rsquo;autres, des finalit\u00e9s et des moyens du traitement des donn\u00e9es \u00e0 caract\u00e8re personnel (p. ex. noms, coordonn\u00e9es ou autres).\u00a0R\u00e9vocation [&hellip;]<\/p>\n","protected":false},"author":1,"featured_media":0,"parent":0,"menu_order":0,"comment_status":"closed","ping_status":"closed","template":"","meta":{"_acf_changed":false,"footnotes":""},"class_list":["post-2997","page","type-page","status-publish","hentry"],"acf":[],"yoast_head":"<!-- This site is optimized with the Yoast SEO plugin v26.2 - https:\/\/yoast.com\/wordpress\/plugins\/seo\/ -->\n<title>D\u00e9claration de confidentialit\u00e9 - Alviasana<\/title>\n<meta name=\"description\" content=\"Protection des donn\u00e9es de Alviasana. Tout ce qu&#039;il faut savoir et sur la protection des donn\u00e9es. Informez-vous ici.\" \/>\n<meta name=\"robots\" content=\"index, follow, max-snippet:-1, max-image-preview:large, max-video-preview:-1\" \/>\n<link rel=\"canonical\" href=\"https:\/\/www.alviasana.com\/fr\/declaration-de-confidentialite\/\" \/>\n<meta property=\"og:locale\" content=\"fr_FR\" \/>\n<meta property=\"og:type\" content=\"article\" \/>\n<meta property=\"og:title\" content=\"D\u00e9claration de confidentialit\u00e9 - Alviasana\" \/>\n<meta property=\"og:description\" content=\"Protection des donn\u00e9es de Alviasana. Tout ce qu&#039;il faut savoir et sur la protection des donn\u00e9es. Informez-vous ici.\" \/>\n<meta property=\"og:url\" content=\"https:\/\/www.alviasana.com\/fr\/declaration-de-confidentialite\/\" \/>\n<meta property=\"og:site_name\" content=\"Alviasana\" \/>\n<meta property=\"article:modified_time\" content=\"2022-03-21T11:46:02+00:00\" \/>\n<meta name=\"twitter:card\" content=\"summary_large_image\" \/>\n<meta name=\"twitter:label1\" content=\"Dur\u00e9e de lecture estim\u00e9e\" \/>\n\t<meta name=\"twitter:data1\" content=\"2 minutes\" \/>\n<script type=\"application\/ld+json\" class=\"yoast-schema-graph\">{\"@context\":\"https:\/\/schema.org\",\"@graph\":[{\"@type\":\"WebPage\",\"@id\":\"https:\/\/www.alviasana.com\/fr\/declaration-de-confidentialite\/\",\"url\":\"https:\/\/www.alviasana.com\/fr\/declaration-de-confidentialite\/\",\"name\":\"D\u00e9claration de confidentialit\u00e9 - Alviasana\",\"isPartOf\":{\"@id\":\"https:\/\/www.alviasana.com\/#website\"},\"datePublished\":\"2021-07-22T07:50:45+00:00\",\"dateModified\":\"2022-03-21T11:46:02+00:00\",\"description\":\"Protection des donn\u00e9es de Alviasana. Tout ce qu'il faut savoir et sur la protection des donn\u00e9es. Informez-vous ici.\",\"breadcrumb\":{\"@id\":\"https:\/\/www.alviasana.com\/fr\/declaration-de-confidentialite\/#breadcrumb\"},\"inLanguage\":\"fr-FR\",\"potentialAction\":[{\"@type\":\"ReadAction\",\"target\":[\"https:\/\/www.alviasana.com\/fr\/declaration-de-confidentialite\/\"]}]},{\"@type\":\"BreadcrumbList\",\"@id\":\"https:\/\/www.alviasana.com\/fr\/declaration-de-confidentialite\/#breadcrumb\",\"itemListElement\":[{\"@type\":\"ListItem\",\"position\":1,\"name\":\"Startseite\",\"item\":\"https:\/\/www.alviasana.com\/fr\/\"},{\"@type\":\"ListItem\",\"position\":2,\"name\":\"D\u00e9claration de confidentialit\u00e9\"}]},{\"@type\":\"WebSite\",\"@id\":\"https:\/\/www.alviasana.com\/#website\",\"url\":\"https:\/\/www.alviasana.com\/\",\"name\":\"Alviasana\",\"description\":\"Privatpraxis f\u00fcr Lyme-Borreliose und chronische Infektionen\",\"publisher\":{\"@id\":\"https:\/\/www.alviasana.com\/#organization\"},\"potentialAction\":[{\"@type\":\"SearchAction\",\"target\":{\"@type\":\"EntryPoint\",\"urlTemplate\":\"https:\/\/www.alviasana.com\/?s={search_term_string}\"},\"query-input\":{\"@type\":\"PropertyValueSpecification\",\"valueRequired\":true,\"valueName\":\"search_term_string\"}}],\"inLanguage\":\"fr-FR\"},{\"@type\":\"Organization\",\"@id\":\"https:\/\/www.alviasana.com\/#organization\",\"name\":\"Alviasana\",\"url\":\"https:\/\/www.alviasana.com\/\",\"logo\":{\"@type\":\"ImageObject\",\"inLanguage\":\"fr-FR\",\"@id\":\"https:\/\/www.alviasana.com\/#\/schema\/logo\/image\/\",\"url\":\"https:\/\/www.alviasana.com\/wp-content\/uploads\/2021\/07\/Alvia_Logo_RGB.svg\",\"contentUrl\":\"https:\/\/www.alviasana.com\/wp-content\/uploads\/2021\/07\/Alvia_Logo_RGB.svg\",\"width\":1,\"height\":1,\"caption\":\"Alviasana\"},\"image\":{\"@id\":\"https:\/\/www.alviasana.com\/#\/schema\/logo\/image\/\"}}]}<\/script>\n<!-- \/ Yoast SEO plugin. -->","yoast_head_json":{"title":"D\u00e9claration de confidentialit\u00e9 - Alviasana","description":"Protection des donn\u00e9es de Alviasana. Tout ce qu'il faut savoir et sur la protection des donn\u00e9es. Informez-vous ici.","robots":{"index":"index","follow":"follow","max-snippet":"max-snippet:-1","max-image-preview":"max-image-preview:large","max-video-preview":"max-video-preview:-1"},"canonical":"https:\/\/www.alviasana.com\/fr\/declaration-de-confidentialite\/","og_locale":"fr_FR","og_type":"article","og_title":"D\u00e9claration de confidentialit\u00e9 - Alviasana","og_description":"Protection des donn\u00e9es de Alviasana. Tout ce qu'il faut savoir et sur la protection des donn\u00e9es. Informez-vous ici.","og_url":"https:\/\/www.alviasana.com\/fr\/declaration-de-confidentialite\/","og_site_name":"Alviasana","article_modified_time":"2022-03-21T11:46:02+00:00","twitter_card":"summary_large_image","twitter_misc":{"Dur\u00e9e de lecture estim\u00e9e":"2 minutes"},"schema":{"@context":"https:\/\/schema.org","@graph":[{"@type":"WebPage","@id":"https:\/\/www.alviasana.com\/fr\/declaration-de-confidentialite\/","url":"https:\/\/www.alviasana.com\/fr\/declaration-de-confidentialite\/","name":"D\u00e9claration de confidentialit\u00e9 - Alviasana","isPartOf":{"@id":"https:\/\/www.alviasana.com\/#website"},"datePublished":"2021-07-22T07:50:45+00:00","dateModified":"2022-03-21T11:46:02+00:00","description":"Protection des donn\u00e9es de Alviasana. Tout ce qu'il faut savoir et sur la protection des donn\u00e9es. Informez-vous ici.","breadcrumb":{"@id":"https:\/\/www.alviasana.com\/fr\/declaration-de-confidentialite\/#breadcrumb"},"inLanguage":"fr-FR","potentialAction":[{"@type":"ReadAction","target":["https:\/\/www.alviasana.com\/fr\/declaration-de-confidentialite\/"]}]},{"@type":"BreadcrumbList","@id":"https:\/\/www.alviasana.com\/fr\/declaration-de-confidentialite\/#breadcrumb","itemListElement":[{"@type":"ListItem","position":1,"name":"Startseite","item":"https:\/\/www.alviasana.com\/fr\/"},{"@type":"ListItem","position":2,"name":"D\u00e9claration de confidentialit\u00e9"}]},{"@type":"WebSite","@id":"https:\/\/www.alviasana.com\/#website","url":"https:\/\/www.alviasana.com\/","name":"Alviasana","description":"Privatpraxis f\u00fcr Lyme-Borreliose und chronische Infektionen","publisher":{"@id":"https:\/\/www.alviasana.com\/#organization"},"potentialAction":[{"@type":"SearchAction","target":{"@type":"EntryPoint","urlTemplate":"https:\/\/www.alviasana.com\/?s={search_term_string}"},"query-input":{"@type":"PropertyValueSpecification","valueRequired":true,"valueName":"search_term_string"}}],"inLanguage":"fr-FR"},{"@type":"Organization","@id":"https:\/\/www.alviasana.com\/#organization","name":"Alviasana","url":"https:\/\/www.alviasana.com\/","logo":{"@type":"ImageObject","inLanguage":"fr-FR","@id":"https:\/\/www.alviasana.com\/#\/schema\/logo\/image\/","url":"https:\/\/www.alviasana.com\/wp-content\/uploads\/2021\/07\/Alvia_Logo_RGB.svg","contentUrl":"https:\/\/www.alviasana.com\/wp-content\/uploads\/2021\/07\/Alvia_Logo_RGB.svg","width":1,"height":1,"caption":"Alviasana"},"image":{"@id":"https:\/\/www.alviasana.com\/#\/schema\/logo\/image\/"}}]}},"_links":{"self":[{"href":"https:\/\/www.alviasana.com\/fr\/wp-json\/wp\/v2\/pages\/2997","targetHints":{"allow":["GET"]}}],"collection":[{"href":"https:\/\/www.alviasana.com\/fr\/wp-json\/wp\/v2\/pages"}],"about":[{"href":"https:\/\/www.alviasana.com\/fr\/wp-json\/wp\/v2\/types\/page"}],"author":[{"embeddable":true,"href":"https:\/\/www.alviasana.com\/fr\/wp-json\/wp\/v2\/users\/1"}],"replies":[{"embeddable":true,"href":"https:\/\/www.alviasana.com\/fr\/wp-json\/wp\/v2\/comments?post=2997"}],"version-history":[{"count":3,"href":"https:\/\/www.alviasana.com\/fr\/wp-json\/wp\/v2\/pages\/2997\/revisions"}],"predecessor-version":[{"id":3319,"href":"https:\/\/www.alviasana.com\/fr\/wp-json\/wp\/v2\/pages\/2997\/revisions\/3319"}],"wp:attachment":[{"href":"https:\/\/www.alviasana.com\/fr\/wp-json\/wp\/v2\/media?parent=2997"}],"curies":[{"name":"wp","href":"https:\/\/api.w.org\/{rel}","templated":true}]}}